{"id":94,"date":"2024-10-30T19:28:16","date_gmt":"2024-10-30T18:28:16","guid":{"rendered":"https:\/\/wp.ola-stromberg.se\/?page_id=94"},"modified":"2024-11-04T20:48:18","modified_gmt":"2024-11-04T19:48:18","slug":"ola-britta","status":"publish","type":"page","link":"https:\/\/ola-stromberg.se\/index.php\/ola-britta\/","title":{"rendered":"V\u00e5ran resa"},"content":{"rendered":"\n<div class=\"wp-block-columns is-layout-flex wp-container-core-columns-is-layout-9d6595d7 wp-block-columns-is-layout-flex\">\n<div class=\"wp-block-column is-layout-flow wp-block-column-is-layout-flow\"><div class=\"wp-block-image\">\n<figure class=\"aligncenter size-full is-resized\"><img loading=\"lazy\" decoding=\"async\" width=\"357\" height=\"258\" src=\"https:\/\/ola-stromberg.se\/wp-content\/uploads\/2024\/10\/IMG_3097-2-edited.png\" alt=\"\" class=\"wp-image-76\" style=\"width:586px;height:auto\" srcset=\"https:\/\/ola-stromberg.se\/wp-content\/uploads\/2024\/10\/IMG_3097-2-edited.png 357w, https:\/\/ola-stromberg.se\/wp-content\/uploads\/2024\/10\/IMG_3097-2-edited-300x217.png 300w\" sizes=\"auto, (max-width: 357px) 100vw, 357px\" \/><\/figure>\n<\/div>\n\n\n<p>Till min femtio\u00e5rsdag fick jag som present av&nbsp;<strong>Lars &#8221;cykelhandlarn&#8221; Jonsson<\/strong>&nbsp;att l\u00e5na hans Suzuki Mk1 i Eurostoprallyt 1997. Han h\u00f6ll t.o.m. med codriver. Det var hans rutinerade&nbsp;<strong>Anders Wretemark&nbsp;<\/strong>som ledsagade mig. M\u00e5nga \u00e5r sen sist men det gick \u00f6ver f\u00f6rv\u00e4ntan.<br>Jag tyckte den lilla Suzukin var l\u00e4ttk\u00f6rd och rolig och efter vad Lasse sa s\u00e5 var den billig i drift. En fantastiskt gener\u00f6s g\u00e5va som jag uppskattade mycket.&nbsp;<strong>Lasse&nbsp;<\/strong>och&nbsp;<strong>Victor Windahl&nbsp;<\/strong>var senare dem som tillsammans med mig satte riktig fart p\u00e5 <strong>Sukkacupen <\/strong>igen men det skulle ta ytterligare tio \u00e5r innan dess.<\/p>\n\n\n\n<hr class=\"wp-block-separator has-alpha-channel-opacity\"\/>\n<\/div>\n<\/div>\n\n\n\n<div class=\"wp-block-columns is-layout-flex wp-container-core-columns-is-layout-9d6595d7 wp-block-columns-is-layout-flex\">\n<div class=\"wp-block-column is-layout-flow wp-block-column-is-layout-flow\">\n<p>2004 Tr\u00e4ffade jag&nbsp;<strong>Brittmarie<\/strong>. <br>Redan det \u00e5ret fick hon \u00e5ka med mig i&nbsp;<strong>S\u00f6ren K\u00e4lls&nbsp;<\/strong>Mitsubishi EVO7 i Val\u00f6sprinten. Jag ville visa vad det var som betytt s\u00e5 mycket f\u00f6r mig i mitt liv. Hon var inte r\u00e4dd utan tyckte det var kul. Sen har hon varit med mig och Rallytravels p\u00e5 m\u00e5nga WRC t\u00e4vlingar och l\u00e4rt sig mycket om sporten p\u00e5 elitniv\u00e5,<br><strong>2016<\/strong> gifte vi oss under prisutdelningen p\u00e5&nbsp;<strong>Nybros Zabrarally<\/strong>. Jag hade f\u00f6rberett det som en \u00f6verraskning och hon hade absolut ingen aning f\u00f6re. <br>Nu \u00e4r hon min livscodriver.<\/p>\n<\/div>\n\n\n\n<div class=\"wp-block-column is-layout-flow wp-block-column-is-layout-flow\">\n<figure class=\"wp-block-image size-full is-resized\"><img loading=\"lazy\" decoding=\"async\" width=\"296\" height=\"274\" src=\"https:\/\/ola-stromberg.se\/wp-content\/uploads\/2024\/10\/IMG_6942_Original-3.png\" alt=\"\" class=\"wp-image-77\" style=\"width:368px;height:auto\"\/><\/figure>\n<\/div>\n<\/div>\n\n\n\n<hr class=\"wp-block-separator has-alpha-channel-opacity\"\/>\n\n\n\n<h4 class=\"wp-block-heading\">V\u00e5ra resultat hittills<\/h4>\n\n\n\n<div class=\"wp-block-columns is-layout-flex wp-container-core-columns-is-layout-9d6595d7 wp-block-columns-is-layout-flex\">\n<div class=\"wp-block-column is-layout-flow wp-block-column-is-layout-flow\">\n<p>2009   5:a<br>2012   15:e<br>2015   4:a<br>2018   2:a<br>2021   Deltog ej<br>2024   4:a<\/p>\n<\/div>\n\n\n\n<div class=\"wp-block-column is-layout-flow wp-block-column-is-layout-flow\">\n<p>2010   2:a<br>2013   2:a<br>2016   9:a<br>2019   Deltog ej<br>2022   10:a<\/p>\n<\/div>\n\n\n\n<div class=\"wp-block-column is-layout-flow wp-block-column-is-layout-flow\">\n<p>2011   1:a<br>2014   15:e<br>2017   2:a<br>2020   Deltog ej<br>2023   4:a<\/p>\n<\/div>\n<\/div>\n","protected":false},"excerpt":{"rendered":"<p>Till min femtio\u00e5rsdag fick jag som present av&nbsp;Lars &#8221;cykelhandlarn&#8221; Jonsson&nbsp;att l\u00e5na hans Suzuki Mk1 i Eurostoprallyt 1997. Han h\u00f6ll t.o.m. med codriver. Det var hans rutinerade&nbsp;Anders Wretemark&nbsp;som ledsagade mig. M\u00e5nga \u00e5r sen sist men det gick \u00f6ver f\u00f6rv\u00e4ntan.Jag tyckte den &hellip; <a href=\"https:\/\/ola-stromberg.se\/index.php\/ola-britta\/\">Forts\u00e4tt l\u00e4sa <span class=\"meta-nav\">&rarr;<\/span><\/a><\/p>\n","protected":false},"author":1,"featured_media":0,"parent":0,"menu_order":0,"comment_status":"closed","ping_status":"closed","template":"","meta":{"ngg_post_thumbnail":0,"footnotes":""},"class_list":["post-94","page","type-page","status-publish","hentry"],"_links":{"self":[{"href":"https:\/\/ola-stromberg.se\/index.php\/wp-json\/wp\/v2\/pages\/94","targetHints":{"allow":["GET"]}}],"collection":[{"href":"https:\/\/ola-stromberg.se\/index.php\/wp-json\/wp\/v2\/pages"}],"about":[{"href":"https:\/\/ola-stromberg.se\/index.php\/wp-json\/wp\/v2\/types\/page"}],"author":[{"embeddable":true,"href":"https:\/\/ola-stromberg.se\/index.php\/wp-json\/wp\/v2\/users\/1"}],"replies":[{"embeddable":true,"href":"https:\/\/ola-stromberg.se\/index.php\/wp-json\/wp\/v2\/comments?post=94"}],"version-history":[{"count":7,"href":"https:\/\/ola-stromberg.se\/index.php\/wp-json\/wp\/v2\/pages\/94\/revisions"}],"predecessor-version":[{"id":832,"href":"https:\/\/ola-stromberg.se\/index.php\/wp-json\/wp\/v2\/pages\/94\/revisions\/832"}],"wp:attachment":[{"href":"https:\/\/ola-stromberg.se\/index.php\/wp-json\/wp\/v2\/media?parent=94"}],"curies":[{"name":"wp","href":"https:\/\/api.w.org\/{rel}","templated":true}]}}