{"id":834,"date":"2024-11-04T21:43:13","date_gmt":"2024-11-04T20:43:13","guid":{"rendered":"https:\/\/wp.ola-stromberg.se\/?page_id=834"},"modified":"2025-02-11T14:35:19","modified_gmt":"2025-02-11T13:35:19","slug":"serviceteamet","status":"publish","type":"page","link":"https:\/\/ola-stromberg.se\/index.php\/serviceteamet\/","title":{"rendered":"Serviceteamet"},"content":{"rendered":"\n<h2 class=\"wp-block-heading\">Eller mina gr\u00e5gubbar<\/h2>\n\n\n\n<p>Det \u00e4r sv\u00e5rt att driva ett rallyteam om man inte har service som hj\u00e4lper en. Vissa \u00e4r unika och klarar sig sj\u00e4lva men som &#8221;Spanjor&#8221; \u00e4r det ju om\u00f6jligt. Nu var det ju \u00e4nd\u00e5 s\u00e5 att det var nedanst\u00e5ende herrar som tyckte att vi skulle forts\u00e4tta \u00e4nd\u00e5 d\u00e4rf\u00f6r att de erbj\u00f6d sig att sk\u00f6ta om bilen mellan t\u00e4vlingarna.<\/p>\n\n\n\n<hr class=\"wp-block-separator has-alpha-channel-opacity\"\/>\n\n\n\n<div class=\"wp-block-columns is-layout-flex wp-container-core-columns-is-layout-9d6595d7 wp-block-columns-is-layout-flex\">\n<div class=\"wp-block-column is-layout-flow wp-block-column-is-layout-flow\">\n<p><strong>Karl-G\u00f6ran &#8221;Figge&#8221; Nederfeldt<\/strong>&nbsp;\u00e4r en kompis som jag h\u00e4ngt ihop med en himla massa \u00e5r. Han har i princip varit med p\u00e5 hela min resa fr\u00e5n -70 talet.<br>Figge \u00e4r den som \u00e4r vassast p\u00e5 el och datorer. B\u00e5da \u00e4r viktiga faktorer i dagens samh\u00e4lle.<br>Ett utm\u00e4rkande drag \u00e4r hans hj\u00e4lpsamhet och hans otroliga t\u00e5lamod. <br>Nu n\u00e4r bilen st\u00e5r i Fr\u00f6vi s\u00e5 kan jag kinesa hos Figge n\u00e4r jag \u00e4r ensam p\u00e5 bes\u00f6k. En viktig f\u00f6ruts\u00e4ttning f\u00f6r att detta ska funka.<\/p>\n<\/div>\n\n\n\n<div class=\"wp-block-column is-layout-flow wp-block-column-is-layout-flow\">\n<figure class=\"wp-block-image size-full is-resized\"><img loading=\"lazy\" decoding=\"async\" width=\"515\" height=\"399\" src=\"https:\/\/ola-stromberg.se\/wp-content\/uploads\/2024\/11\/Bild2.png\" alt=\"\" class=\"wp-image-836\" style=\"width:323px;height:auto\" srcset=\"https:\/\/ola-stromberg.se\/wp-content\/uploads\/2024\/11\/Bild2.png 515w, https:\/\/ola-stromberg.se\/wp-content\/uploads\/2024\/11\/Bild2-300x232.png 300w\" sizes=\"auto, (max-width: 515px) 100vw, 515px\" \/><figcaption class=\"wp-element-caption\">Figge Fixare har han varit hela livet. Ov\u00e4rderlig f\u00f6r oss. Som en storebror till mig och Brittmarie.<\/figcaption><\/figure>\n<\/div>\n<\/div>\n\n\n\n<hr class=\"wp-block-separator has-alpha-channel-opacity\"\/>\n\n\n\n<div class=\"wp-block-columns is-layout-flex wp-container-core-columns-is-layout-9d6595d7 wp-block-columns-is-layout-flex\">\n<div class=\"wp-block-column is-layout-flow wp-block-column-is-layout-flow\">\n<figure class=\"wp-block-image size-large\"><img loading=\"lazy\" decoding=\"async\" width=\"1024\" height=\"768\" src=\"https:\/\/ola-stromberg.se\/wp-content\/uploads\/2024\/11\/c5371efc-1e1a-4143-8724-fc71f7004323-2-1024x768.jpg\" alt=\"\" class=\"wp-image-841\" srcset=\"https:\/\/ola-stromberg.se\/wp-content\/uploads\/2024\/11\/c5371efc-1e1a-4143-8724-fc71f7004323-2-1024x768.jpg 1024w, https:\/\/ola-stromberg.se\/wp-content\/uploads\/2024\/11\/c5371efc-1e1a-4143-8724-fc71f7004323-2-300x225.jpg 300w, https:\/\/ola-stromberg.se\/wp-content\/uploads\/2024\/11\/c5371efc-1e1a-4143-8724-fc71f7004323-2-768x576.jpg 768w, https:\/\/ola-stromberg.se\/wp-content\/uploads\/2024\/11\/c5371efc-1e1a-4143-8724-fc71f7004323-2-1536x1152.jpg 1536w, https:\/\/ola-stromberg.se\/wp-content\/uploads\/2024\/11\/c5371efc-1e1a-4143-8724-fc71f7004323-2.jpg 2048w\" sizes=\"auto, (max-width: 1024px) 100vw, 1024px\" \/><figcaption class=\"wp-element-caption\">H\u00e4r \u00e4r <strong>Olle <\/strong>med och byter axel p\u00e5 bilsl\u00e4pet.  Blev mycket jobb 2024 f\u00f6r alla. ..Kanske f\u00f6r mycket jobb.<\/figcaption><\/figure>\n<\/div>\n\n\n\n<div class=\"wp-block-column is-layout-flow wp-block-column-is-layout-flow\">\n<p><strong>Olle &#8221;Bula&#8221; Jansson<\/strong> \u00e4r en Fr\u00f6vigubbe jag k\u00e4nt i m\u00e5nga \u00e5r, ja lika l\u00e4nge som Figge. Han har \u00e5x\u00e5 ett hj\u00e4rta f\u00f6r rally d\u00e5 han sj\u00e4lv k\u00f6rde under -60 och -70 talet.<br>Nu blev det ju passande att han kan st\u00e4lla upp d\u00e5 och d\u00e5 d\u00e4rf\u00f6r att han bor alldeles i n\u00e4rheten och \u00e4nd\u00e5 \u00e4r i <strong>Jonas Englin<\/strong>s verkstad och plockar. Vi fyra tillsammans representerar \u00f6ver trehundra \u00e5rs erfarenhet (men det k\u00e4nns i kn\u00e4na). <\/p>\n\n\n\n<p><\/p>\n<\/div>\n<\/div>\n\n\n\n<hr class=\"wp-block-separator has-alpha-channel-opacity\"\/>\n\n\n\n<div class=\"wp-block-columns is-layout-flex wp-container-core-columns-is-layout-9d6595d7 wp-block-columns-is-layout-flex\">\n<div class=\"wp-block-column is-layout-flow wp-block-column-is-layout-flow\">\n<p>Det s\u00e5g lite bekymmersamt ut inf\u00f6r 2025.<br>Skulle vi tvingas l\u00e4gga ner?<br>D\u00e5 hade vid den otroliga turen av att en gammal bekant fr\u00e5n f\u00f6rr som dessutom bodde i n\u00e4rheten h\u00f6rde av sig och undrade om han kunde hj\u00e4lpa till. Han heter <strong>Erik Spjut<\/strong> och var faktiskt som ton\u00e5ring med och servade p\u00e5 ett av mina tidigare rallyn (1975). Lite &#8221;cirkeln \u00e4r sluten&#8221;. V\u00e4ldigt bra l\u00f6sning. Att hans fru <strong>Elisabeth<\/strong> gillar att fotografera ser vi som ett stort plus. <\/p>\n<\/div>\n\n\n\n<div class=\"wp-block-column is-layout-flow wp-block-column-is-layout-flow\">\n<figure class=\"wp-block-image size-large\"><img loading=\"lazy\" decoding=\"async\" width=\"1024\" height=\"773\" src=\"https:\/\/ola-stromberg.se\/wp-content\/uploads\/2025\/02\/Erik_1-1024x773.jpg\" alt=\"\" class=\"wp-image-973\" srcset=\"https:\/\/ola-stromberg.se\/wp-content\/uploads\/2025\/02\/Erik_1-1024x773.jpg 1024w, https:\/\/ola-stromberg.se\/wp-content\/uploads\/2025\/02\/Erik_1-300x227.jpg 300w, https:\/\/ola-stromberg.se\/wp-content\/uploads\/2025\/02\/Erik_1-768x580.jpg 768w, https:\/\/ola-stromberg.se\/wp-content\/uploads\/2025\/02\/Erik_1.jpg 1467w\" sizes=\"auto, (max-width: 1024px) 100vw, 1024px\" \/><figcaption class=\"wp-element-caption\">Erik har s\u00e4nkt medel\u00e5ldern v\u00e4sentligt. Han \u00e4r ju bara en nybliven pension\u00e4r.<\/figcaption><\/figure>\n<\/div>\n<\/div>\n\n\n\n<hr class=\"wp-block-separator has-alpha-channel-opacity\"\/>\n\n\n\n<div class=\"wp-block-columns is-layout-flex wp-container-core-columns-is-layout-9d6595d7 wp-block-columns-is-layout-flex\">\n<div class=\"wp-block-column is-layout-flow wp-block-column-is-layout-flow\">\n<figure class=\"wp-block-image size-full\"><img loading=\"lazy\" decoding=\"async\" width=\"500\" height=\"375\" src=\"https:\/\/ola-stromberg.se\/wp-content\/uploads\/2024\/11\/Bild1.png\" alt=\"\" class=\"wp-image-835\" srcset=\"https:\/\/ola-stromberg.se\/wp-content\/uploads\/2024\/11\/Bild1.png 500w, https:\/\/ola-stromberg.se\/wp-content\/uploads\/2024\/11\/Bild1-300x225.png 300w\" sizes=\"auto, (max-width: 500px) 100vw, 500px\" \/><figcaption class=\"wp-element-caption\">H\u00e4r g\u00f6r han iordning gamla b\u00e4rarmar s\u00e5 de blev som nya. Jag har alltid gillat att \u00e5teranv\u00e4nda det man har.<\/figcaption><\/figure>\n<\/div>\n\n\n\n<div class=\"wp-block-column is-layout-flow wp-block-column-is-layout-flow\">\n<p><strong>Stig-\u00c5ke Hedmark<\/strong>\u00a0har efter att han lade hj\u00e4lmen p\u00e5 hyllan efter v\u00e5r racingkarri\u00e4r tillsammans varit min st\u00f6rsta supporter vad g\u00e4ller att hj\u00e4lpa mig att skruva. Faktiskt \u00e4nda fr\u00e5n omstarten 2009. <br>Inte heller m\u00e5nga t\u00e4vlingar han har missat under hela den h\u00e4r tiden. En riktig klippa.<br>Men \u00e5ldern tar ut sin r\u00e4tt (Vi \u00e4r j\u00e4mngamla). Det g\u00e5r tyngre nu \u00e4n f\u00f6r tio \u00e5r sen. S\u00e5 i somras 2024 informerade han mig om att detta var sista \u00e5ret han kunde st\u00e4lla upp. Otroligt tacksam f\u00f6r allt han hj\u00e4lpt oss med.<\/p>\n<\/div>\n<\/div>\n\n\n\n<p><\/p>\n","protected":false},"excerpt":{"rendered":"<p>Eller mina gr\u00e5gubbar Det \u00e4r sv\u00e5rt att driva ett rallyteam om man inte har service som hj\u00e4lper en. Vissa \u00e4r unika och klarar sig sj\u00e4lva men som &#8221;Spanjor&#8221; \u00e4r det ju om\u00f6jligt. Nu var det ju \u00e4nd\u00e5 s\u00e5 att det &hellip; <a href=\"https:\/\/ola-stromberg.se\/index.php\/serviceteamet\/\">Forts\u00e4tt l\u00e4sa <span class=\"meta-nav\">&rarr;<\/span><\/a><\/p>\n","protected":false},"author":1,"featured_media":0,"parent":0,"menu_order":0,"comment_status":"closed","ping_status":"closed","template":"","meta":{"ngg_post_thumbnail":0,"footnotes":""},"class_list":["post-834","page","type-page","status-publish","hentry"],"_links":{"self":[{"href":"https:\/\/ola-stromberg.se\/index.php\/wp-json\/wp\/v2\/pages\/834","targetHints":{"allow":["GET"]}}],"collection":[{"href":"https:\/\/ola-stromberg.se\/index.php\/wp-json\/wp\/v2\/pages"}],"about":[{"href":"https:\/\/ola-stromberg.se\/index.php\/wp-json\/wp\/v2\/types\/page"}],"author":[{"embeddable":true,"href":"https:\/\/ola-stromberg.se\/index.php\/wp-json\/wp\/v2\/users\/1"}],"replies":[{"embeddable":true,"href":"https:\/\/ola-stromberg.se\/index.php\/wp-json\/wp\/v2\/comments?post=834"}],"version-history":[{"count":8,"href":"https:\/\/ola-stromberg.se\/index.php\/wp-json\/wp\/v2\/pages\/834\/revisions"}],"predecessor-version":[{"id":976,"href":"https:\/\/ola-stromberg.se\/index.php\/wp-json\/wp\/v2\/pages\/834\/revisions\/976"}],"wp:attachment":[{"href":"https:\/\/ola-stromberg.se\/index.php\/wp-json\/wp\/v2\/media?parent=834"}],"curies":[{"name":"wp","href":"https:\/\/api.w.org\/{rel}","templated":true}]}}