{"id":190,"date":"2024-10-31T14:07:11","date_gmt":"2024-10-31T13:07:11","guid":{"rendered":"https:\/\/wp.ola-stromberg.se\/?page_id=190"},"modified":"2025-12-27T13:42:19","modified_gmt":"2025-12-27T12:42:19","slug":"supportrar","status":"publish","type":"page","link":"https:\/\/ola-stromberg.se\/index.php\/supportrar\/","title":{"rendered":"Supportrar"},"content":{"rendered":"\n<div class=\"wp-block-columns is-layout-flex wp-container-core-columns-is-layout-9d6595d7 wp-block-columns-is-layout-flex\">\n<div class=\"wp-block-column is-layout-flow wp-block-column-is-layout-flow\"><\/div>\n\n\n\n<div class=\"wp-block-column is-layout-flow wp-block-column-is-layout-flow\"><\/div>\n<\/div>\n\n\n\n<div class=\"wp-block-columns is-layout-flex wp-container-core-columns-is-layout-9d6595d7 wp-block-columns-is-layout-flex\">\n<div class=\"wp-block-column is-vertically-aligned-top is-layout-flow wp-block-column-is-layout-flow\">\n<figure class=\"wp-block-image size-full\"><a href=\"https:\/\/wp.ola-stromberg.se\/index.php\/supportrar\/centrala-gummi-ab-orebro\/\"><img loading=\"lazy\" decoding=\"async\" width=\"2355\" height=\"825\" src=\"https:\/\/wp.ola-stromberg.se\/wp-content\/uploads\/2024\/11\/Centrala-Gummi-loggoCS3-NY2019.jpg\" alt=\"\" class=\"wp-image-931\" srcset=\"https:\/\/ola-stromberg.se\/wp-content\/uploads\/2024\/11\/Centrala-Gummi-loggoCS3-NY2019.jpg 2355w, https:\/\/ola-stromberg.se\/wp-content\/uploads\/2024\/11\/Centrala-Gummi-loggoCS3-NY2019-300x105.jpg 300w, https:\/\/ola-stromberg.se\/wp-content\/uploads\/2024\/11\/Centrala-Gummi-loggoCS3-NY2019-1024x359.jpg 1024w, https:\/\/ola-stromberg.se\/wp-content\/uploads\/2024\/11\/Centrala-Gummi-loggoCS3-NY2019-768x269.jpg 768w, https:\/\/ola-stromberg.se\/wp-content\/uploads\/2024\/11\/Centrala-Gummi-loggoCS3-NY2019-1536x538.jpg 1536w, https:\/\/ola-stromberg.se\/wp-content\/uploads\/2024\/11\/Centrala-Gummi-loggoCS3-NY2019-2048x717.jpg 2048w\" sizes=\"auto, (max-width: 2355px) 100vw, 2355px\" \/><\/a><\/figure>\n<\/div>\n\n\n\n<div class=\"wp-block-column is-layout-flow wp-block-column-is-layout-flow\">\n<p><strong>Centrala Gummi AB<\/strong>&nbsp;har varit min trogna sponsor genom hela min Rallykarri\u00e4r. Det finns t.o.m. modellbilar med deras logga p\u00e5!<br>Kund har jag varit d\u00e4r i \u00f6ver 50 \u00e5r.<\/p>\n<\/div>\n<\/div>\n\n\n\n<div class=\"wp-block-columns is-layout-flex wp-container-core-columns-is-layout-9d6595d7 wp-block-columns-is-layout-flex\">\n<div class=\"wp-block-column is-vertically-aligned-top is-layout-flow wp-block-column-is-layout-flow\"><\/div>\n\n\n\n<div class=\"wp-block-column is-layout-flow wp-block-column-is-layout-flow\"><\/div>\n<\/div>\n\n\n\n<div class=\"wp-block-columns is-layout-flex wp-container-core-columns-is-layout-9d6595d7 wp-block-columns-is-layout-flex\">\n<div class=\"wp-block-column is-layout-flow wp-block-column-is-layout-flow\"><\/div>\n\n\n\n<div class=\"wp-block-column is-layout-flow wp-block-column-is-layout-flow\"><\/div>\n<\/div>\n\n\n\n<div class=\"wp-block-columns is-layout-flex wp-container-core-columns-is-layout-9d6595d7 wp-block-columns-is-layout-flex\">\n<div class=\"wp-block-column is-layout-flow wp-block-column-is-layout-flow\"><\/div>\n\n\n\n<div class=\"wp-block-column is-layout-flow wp-block-column-is-layout-flow\"><\/div>\n<\/div>\n\n\n\n<div class=\"wp-block-columns is-layout-flex wp-container-core-columns-is-layout-9d6595d7 wp-block-columns-is-layout-flex\">\n<div class=\"wp-block-column is-vertically-aligned-top is-layout-flow wp-block-column-is-layout-flow\">\n<figure class=\"wp-block-image size-full\"><a href=\"https:\/\/lindbergsweden.se\/\" target=\"_blank\" rel=\" noreferrer noopener\"><img loading=\"lazy\" decoding=\"async\" width=\"768\" height=\"331\" src=\"https:\/\/ola-stromberg.se\/wp-content\/uploads\/2024\/10\/Lindberg_logo_new_blackback-1-2.jpg\" alt=\"\" class=\"wp-image-196\" srcset=\"https:\/\/ola-stromberg.se\/wp-content\/uploads\/2024\/10\/Lindberg_logo_new_blackback-1-2.jpg 768w, https:\/\/ola-stromberg.se\/wp-content\/uploads\/2024\/10\/Lindberg_logo_new_blackback-1-2-300x129.jpg 300w\" sizes=\"auto, (max-width: 768px) 100vw, 768px\" \/><\/a><\/figure>\n<\/div>\n\n\n\n<div class=\"wp-block-column is-layout-flow wp-block-column-is-layout-flow\">\n<p><strong>Team Lindberg<\/strong>&nbsp;finns i Edsbyn och startades av min gode v\u00e4n och forne Co-driver&nbsp;<strong>Michael Lindberg<\/strong>. Han har verkligen ett hj\u00e4rta f\u00f6r rally och visar det aktivt.<\/p>\n<\/div>\n<\/div>\n\n\n\n<div class=\"wp-block-columns is-layout-flex wp-container-core-columns-is-layout-9d6595d7 wp-block-columns-is-layout-flex\">\n<div class=\"wp-block-column is-layout-flow wp-block-column-is-layout-flow\"><\/div>\n\n\n\n<div class=\"wp-block-column is-layout-flow wp-block-column-is-layout-flow\"><\/div>\n<\/div>\n\n\n\n<div class=\"wp-block-columns is-layout-flex wp-container-core-columns-is-layout-9d6595d7 wp-block-columns-is-layout-flex\">\n<div class=\"wp-block-column is-vertically-aligned-top is-layout-flow wp-block-column-is-layout-flow\">\n<figure class=\"wp-block-image size-full\"><a href=\"https:\/\/www.mp5swedenab.se\/\" target=\"_blank\" rel=\" noreferrer noopener\"><img loading=\"lazy\" decoding=\"async\" width=\"478\" height=\"228\" src=\"https:\/\/ola-stromberg.se\/wp-content\/uploads\/2024\/10\/MP5_logo-3.png\" alt=\"\" class=\"wp-image-197\" srcset=\"https:\/\/ola-stromberg.se\/wp-content\/uploads\/2024\/10\/MP5_logo-3.png 478w, https:\/\/ola-stromberg.se\/wp-content\/uploads\/2024\/10\/MP5_logo-3-300x143.png 300w\" sizes=\"auto, (max-width: 478px) 100vw, 478px\" \/><\/a><\/figure>\n<\/div>\n\n\n\n<div class=\"wp-block-column is-vertically-aligned-bottom is-layout-flow wp-block-column-is-layout-flow\">\n<p><strong>Patrik Putte Pettersson<\/strong> driver med sin rallytokiga personal en smidesfirman <strong>MP5 Sweden AB<\/strong> d\u00e4r inget \u00e4r f\u00f6r stort och sv\u00e5rt eller f\u00f6r litet och enkelt.<br>Sanna rallyentusiaster hela g\u00e4nget. De finns i Bergkvara n\u00e4ra Kalmar i Tors\u00e5s kommun.<\/p>\n<\/div>\n<\/div>\n\n\n\n<div class=\"wp-block-columns is-layout-flex wp-container-core-columns-is-layout-9d6595d7 wp-block-columns-is-layout-flex\">\n<div class=\"wp-block-column is-layout-flow wp-block-column-is-layout-flow\">\n<figure class=\"wp-block-image size-large\"><img loading=\"lazy\" decoding=\"async\" width=\"1024\" height=\"506\" src=\"https:\/\/ola-stromberg.se\/wp-content\/uploads\/2025\/02\/Linge_01-1024x506.jpg\" alt=\"\" class=\"wp-image-1035\" srcset=\"https:\/\/ola-stromberg.se\/wp-content\/uploads\/2025\/02\/Linge_01-1024x506.jpg 1024w, https:\/\/ola-stromberg.se\/wp-content\/uploads\/2025\/02\/Linge_01-300x148.jpg 300w, https:\/\/ola-stromberg.se\/wp-content\/uploads\/2025\/02\/Linge_01-768x379.jpg 768w, https:\/\/ola-stromberg.se\/wp-content\/uploads\/2025\/02\/Linge_01.jpg 1158w\" sizes=\"auto, (max-width: 1024px) 100vw, 1024px\" \/><\/figure>\n<\/div>\n\n\n\n<div class=\"wp-block-column is-layout-flow wp-block-column-is-layout-flow\">\n<p><strong>Pehter Linge <\/strong>gillar skog och rally!<\/p>\n<\/div>\n<\/div>\n\n\n\n<div class=\"wp-block-columns is-layout-flex wp-container-core-columns-is-layout-9d6595d7 wp-block-columns-is-layout-flex\">\n<div class=\"wp-block-column is-layout-flow wp-block-column-is-layout-flow\"><\/div>\n\n\n\n<div class=\"wp-block-column is-layout-flow wp-block-column-is-layout-flow\"><\/div>\n<\/div>\n\n\n\n<div class=\"wp-block-columns is-layout-flex wp-container-core-columns-is-layout-9d6595d7 wp-block-columns-is-layout-flex\">\n<div class=\"wp-block-column is-layout-flow wp-block-column-is-layout-flow\"><\/div>\n\n\n\n<div class=\"wp-block-column is-layout-flow wp-block-column-is-layout-flow\"><\/div>\n<\/div>\n\n\n\n<div class=\"wp-block-columns is-layout-flex wp-container-core-columns-is-layout-9d6595d7 wp-block-columns-is-layout-flex\">\n<div class=\"wp-block-column is-layout-flow wp-block-column-is-layout-flow\">\n<figure class=\"wp-block-image size-full is-resized\"><img loading=\"lazy\" decoding=\"async\" width=\"2560\" height=\"1604\" src=\"https:\/\/ola-stromberg.se\/wp-content\/uploads\/2025\/08\/IMG_2006-scaled.jpg\" alt=\"\" class=\"wp-image-1299\" style=\"width:319px;height:auto\" srcset=\"https:\/\/ola-stromberg.se\/wp-content\/uploads\/2025\/08\/IMG_2006-scaled.jpg 2560w, https:\/\/ola-stromberg.se\/wp-content\/uploads\/2025\/08\/IMG_2006-300x188.jpg 300w, https:\/\/ola-stromberg.se\/wp-content\/uploads\/2025\/08\/IMG_2006-1024x642.jpg 1024w, https:\/\/ola-stromberg.se\/wp-content\/uploads\/2025\/08\/IMG_2006-768x481.jpg 768w, https:\/\/ola-stromberg.se\/wp-content\/uploads\/2025\/08\/IMG_2006-1536x963.jpg 1536w, https:\/\/ola-stromberg.se\/wp-content\/uploads\/2025\/08\/IMG_2006-2048x1283.jpg 2048w\" sizes=\"auto, (max-width: 2560px) 100vw, 2560px\" \/><\/figure>\n<\/div>\n\n\n\n<div class=\"wp-block-column is-layout-flow wp-block-column-is-layout-flow\">\n<p><strong>Fredrik Grahn <\/strong>driver tillsammans med sin pappa <strong>Bengt <\/strong>Grahns Maskin &amp; Motor AB. Fredrik jobbar mest med t\u00e4vlingsmotorer d\u00e4r han ofta \u00e4r anlitad av eliten f\u00f6r motor- och transmissionsrenoveringar. Ibland h\u00e4nder det att han hj\u00e4lper privatpersoner i omgivningen med deras personbilar. <br>Mycket kunnig.<\/p>\n<\/div>\n<\/div>\n\n\n\n<div class=\"wp-block-columns is-layout-flex wp-container-core-columns-is-layout-9d6595d7 wp-block-columns-is-layout-flex\">\n<div class=\"wp-block-column is-layout-flow wp-block-column-is-layout-flow\">\n<figure class=\"wp-block-image size-full is-resized\"><img loading=\"lazy\" decoding=\"async\" width=\"244\" height=\"74\" src=\"https:\/\/ola-stromberg.se\/wp-content\/uploads\/2025\/08\/Skarmbild-2025-08-27-140021.png\" alt=\"\" class=\"wp-image-1301\" style=\"width:320px;height:auto\"\/><\/figure>\n<\/div>\n\n\n\n<div class=\"wp-block-column is-layout-flow wp-block-column-is-layout-flow\">\n<p>H\u00e4r \u00e4r plattformen som vi kommer att publicera mycket av v\u00e5ra h\u00e4ndelser p\u00e5. D\u00e5 i f\u00f6rsta hand filmat material. D\u00e4r finns \u00e4ven m\u00f6jlighet att supporta oss.<br><a href=\"https:\/\/ontheside.com\/users\/ola_stromberg\" target=\"_blank\" rel=\"noreferrer noopener\"><strong>L\u00c4NK<\/strong><\/a><br><\/p>\n<\/div>\n<\/div>\n\n\n\n<div class=\"wp-block-columns is-layout-flex wp-container-core-columns-is-layout-9d6595d7 wp-block-columns-is-layout-flex\">\n<div class=\"wp-block-column is-layout-flow wp-block-column-is-layout-flow\">\n<figure class=\"wp-block-image size-full is-resized\"><img loading=\"lazy\" decoding=\"async\" width=\"236\" height=\"157\" src=\"https:\/\/ola-stromberg.se\/wp-content\/uploads\/2024\/10\/th-1-2.jpeg\" alt=\"\" class=\"wp-image-276\" style=\"width:322px;height:auto\"\/><\/figure>\n<\/div>\n\n\n\n<div class=\"wp-block-column is-layout-flow wp-block-column-is-layout-flow\">\n<h2 class=\"wp-block-heading\">070-573 57 57<\/h2>\n\n\n\n<p>Ja det \u00e4r v\u00e5rt <strong>Swish nummer<\/strong>. Vi kan villigt erk\u00e4nna att vi inte kan t\u00e4vla utan det st\u00f6d vi hittills f\u00e5tt. Varf\u00f6r sk\u00e4mmas?<br>Varenda rallyteam (med mycket f\u00e5 undantag) \u00e4r helt beroende av yttre ekonomisk hj\u00e4lp i n\u00e5gon form. Om nu n\u00e5gra av er gener\u00f6st st\u00f6ttar oss s\u00e5 tar vi tacksamt emot och \u00f6ronm\u00e4rker dem p\u00e5 separat konto.<\/p>\n<\/div>\n<\/div>\n","protected":false},"excerpt":{"rendered":"<p>Centrala Gummi AB&nbsp;har varit min trogna sponsor genom hela min Rallykarri\u00e4r. Det finns t.o.m. modellbilar med deras logga p\u00e5!Kund har jag varit d\u00e4r i \u00f6ver 50 \u00e5r. Team Lindberg&nbsp;finns i Edsbyn och startades av min gode v\u00e4n och forne Co-driver&nbsp;Michael &hellip; <a href=\"https:\/\/ola-stromberg.se\/index.php\/supportrar\/\">Forts\u00e4tt l\u00e4sa <span class=\"meta-nav\">&rarr;<\/span><\/a><\/p>\n","protected":false},"author":1,"featured_media":0,"parent":0,"menu_order":0,"comment_status":"closed","ping_status":"closed","template":"","meta":{"ngg_post_thumbnail":0,"footnotes":""},"class_list":["post-190","page","type-page","status-publish","hentry"],"_links":{"self":[{"href":"https:\/\/ola-stromberg.se\/index.php\/wp-json\/wp\/v2\/pages\/190","targetHints":{"allow":["GET"]}}],"collection":[{"href":"https:\/\/ola-stromberg.se\/index.php\/wp-json\/wp\/v2\/pages"}],"about":[{"href":"https:\/\/ola-stromberg.se\/index.php\/wp-json\/wp\/v2\/types\/page"}],"author":[{"embeddable":true,"href":"https:\/\/ola-stromberg.se\/index.php\/wp-json\/wp\/v2\/users\/1"}],"replies":[{"embeddable":true,"href":"https:\/\/ola-stromberg.se\/index.php\/wp-json\/wp\/v2\/comments?post=190"}],"version-history":[{"count":14,"href":"https:\/\/ola-stromberg.se\/index.php\/wp-json\/wp\/v2\/pages\/190\/revisions"}],"predecessor-version":[{"id":1343,"href":"https:\/\/ola-stromberg.se\/index.php\/wp-json\/wp\/v2\/pages\/190\/revisions\/1343"}],"wp:attachment":[{"href":"https:\/\/ola-stromberg.se\/index.php\/wp-json\/wp\/v2\/media?parent=190"}],"curies":[{"name":"wp","href":"https:\/\/api.w.org\/{rel}","templated":true}]}}