{"id":1186,"date":"2025-03-10T14:40:08","date_gmt":"2025-03-10T13:40:08","guid":{"rendered":"https:\/\/ola-stromberg.se\/?page_id=1186"},"modified":"2025-03-10T14:56:15","modified_gmt":"2025-03-10T13:56:15","slug":"ny-sasong","status":"publish","type":"page","link":"https:\/\/ola-stromberg.se\/index.php\/ny-sasong\/","title":{"rendered":"Ny s\u00e4song -25"},"content":{"rendered":"\n<p>Det blev ytterligare en s\u00e4song i v\u00e5r h\u00e4rliga Sukkacup. H\u00e4r under <strong><a href=\"https:\/\/ola-stromberg.se\/index.php\/2025\/03\/10\/marsnyheter-2025\/\" data-type=\"post\" data-id=\"1179\">NYHETER<\/a> <\/strong>ska vi f\u00f6rs\u00f6ka uppdatera s\u00e5 gott vi kan.<\/p>\n\n\n\n<figure class=\"wp-block-image size-large\"><img loading=\"lazy\" decoding=\"async\" width=\"1024\" height=\"401\" src=\"https:\/\/ola-stromberg.se\/wp-content\/uploads\/2025\/02\/Skarmbild-2025-02-11-151333-1024x401.png\" alt=\"\" class=\"wp-image-982\" srcset=\"https:\/\/ola-stromberg.se\/wp-content\/uploads\/2025\/02\/Skarmbild-2025-02-11-151333-1024x401.png 1024w, https:\/\/ola-stromberg.se\/wp-content\/uploads\/2025\/02\/Skarmbild-2025-02-11-151333-300x117.png 300w, https:\/\/ola-stromberg.se\/wp-content\/uploads\/2025\/02\/Skarmbild-2025-02-11-151333-768x300.png 768w, https:\/\/ola-stromberg.se\/wp-content\/uploads\/2025\/02\/Skarmbild-2025-02-11-151333.png 1066w\" sizes=\"auto, (max-width: 1024px) 100vw, 1024px\" \/><figcaption class=\"wp-element-caption\">S\u00e5 h\u00e4r ser aktuell t\u00e4vlingskalender f\u00f6r v\u00e5r &#8221;Sukkacup&#8221;. V\u00e5rt m\u00e5l \u00e4r att k\u00f6ra samtliga delt\u00e4vlingar plus n\u00e5got mer.<\/figcaption><\/figure>\n\n\n\n<hr class=\"wp-block-separator has-alpha-channel-opacity\"\/>\n\n\n\n<p class=\"has-text-align-center\">Det g\u00e5r \u00e4ven att f\u00f6lja oss i FB gruppen &#8221;<strong>Ola Str\u00f6mbergRally<\/strong>&#8221;.<\/p>\n\n\n\n<figure class=\"wp-block-image size-large\"><img loading=\"lazy\" decoding=\"async\" width=\"1024\" height=\"422\" src=\"https:\/\/ola-stromberg.se\/wp-content\/uploads\/2025\/02\/Sidhuvud_01-25-1024x422.png\" alt=\"\" class=\"wp-image-1032\" srcset=\"https:\/\/ola-stromberg.se\/wp-content\/uploads\/2025\/02\/Sidhuvud_01-25-1024x422.png 1024w, https:\/\/ola-stromberg.se\/wp-content\/uploads\/2025\/02\/Sidhuvud_01-25-300x124.png 300w, https:\/\/ola-stromberg.se\/wp-content\/uploads\/2025\/02\/Sidhuvud_01-25-768x317.png 768w, https:\/\/ola-stromberg.se\/wp-content\/uploads\/2025\/02\/Sidhuvud_01-25-1536x633.png 1536w, https:\/\/ola-stromberg.se\/wp-content\/uploads\/2025\/02\/Sidhuvud_01-25.png 1722w\" sizes=\"auto, (max-width: 1024px) 100vw, 1024px\" \/><figcaption class=\"wp-element-caption\">Hemma i BriOla har jag f\u00f6rutom att jobba med <strong>Svenska Rallysportf\u00f6rbundet<\/strong> s\u00e5 har jag uppdaterat v\u00e5r FB-sida.<\/figcaption><\/figure>\n\n\n\n<hr class=\"wp-block-separator has-alpha-channel-opacity\"\/>\n","protected":false},"excerpt":{"rendered":"<p>Det blev ytterligare en s\u00e4song i v\u00e5r h\u00e4rliga Sukkacup. H\u00e4r under NYHETER ska vi f\u00f6rs\u00f6ka uppdatera s\u00e5 gott vi kan. Det g\u00e5r \u00e4ven att f\u00f6lja oss i FB gruppen &#8221;Ola Str\u00f6mbergRally&#8221;.<\/p>\n","protected":false},"author":1,"featured_media":0,"parent":0,"menu_order":1,"comment_status":"closed","ping_status":"closed","template":"","meta":{"ngg_post_thumbnail":0,"footnotes":""},"class_list":["post-1186","page","type-page","status-publish","hentry"],"_links":{"self":[{"href":"https:\/\/ola-stromberg.se\/index.php\/wp-json\/wp\/v2\/pages\/1186","targetHints":{"allow":["GET"]}}],"collection":[{"href":"https:\/\/ola-stromberg.se\/index.php\/wp-json\/wp\/v2\/pages"}],"about":[{"href":"https:\/\/ola-stromberg.se\/index.php\/wp-json\/wp\/v2\/types\/page"}],"author":[{"embeddable":true,"href":"https:\/\/ola-stromberg.se\/index.php\/wp-json\/wp\/v2\/users\/1"}],"replies":[{"embeddable":true,"href":"https:\/\/ola-stromberg.se\/index.php\/wp-json\/wp\/v2\/comments?post=1186"}],"version-history":[{"count":4,"href":"https:\/\/ola-stromberg.se\/index.php\/wp-json\/wp\/v2\/pages\/1186\/revisions"}],"predecessor-version":[{"id":1198,"href":"https:\/\/ola-stromberg.se\/index.php\/wp-json\/wp\/v2\/pages\/1186\/revisions\/1198"}],"wp:attachment":[{"href":"https:\/\/ola-stromberg.se\/index.php\/wp-json\/wp\/v2\/media?parent=1186"}],"curies":[{"name":"wp","href":"https:\/\/api.w.org\/{rel}","templated":true}]}}